{"id":130,"date":"2015-05-29T22:27:32","date_gmt":"2015-05-29T22:27:32","guid":{"rendered":"http:\/\/aegra.danielschurig.de\/?page_id=130"},"modified":"2016-09-24T11:54:19","modified_gmt":"2016-09-24T11:54:19","slug":"impressum-2","status":"publish","type":"page","link":"https:\/\/aegraflex.org\/en\/impressum-2\/","title":{"rendered":"Impressum"},"content":{"rendered":"<table class=\"mainbreit\" border=\"0\" cellspacing=\"0\" cellpadding=\"0\">\n<tbody>\n<tr>\n<td class=\"maintext\"><b>Herausgeber<\/b><br \/>\nAEGRAFLEX<br \/>\nAssociation Europ\u00e9enne des<br \/>\nGraveurs et des Flexographes<br \/>\nc\/o Geo M\u00fcller\u00a0\u2013 Stempel-M\u00fcller GmbH + Co. KG<br \/>\nJakobsplatz 11 &#8211; 15<br \/>\n90402 N\u00fcrnberg<br \/>\nTelefon: (09 11) 2 05 62-0<br \/>\nTelefax: (09 11) 20 56 24-0<br \/>\n<a href=\"mailto:info@aegraflex.org\">info@aegraflex.org<\/a><\/td>\n<\/tr>\n<tr>\n<td class=\"maintext\"><b>Vertretungsberechtigte<\/b><br \/>\nPr\u00e4sident Geo Wulf M\u00fcller, N\u00fcrnberg,<br \/>\nVize-Pr\u00e4sident Andrzej Kruszena, Bytom (PL)<br \/>\n2. Vize-Pr\u00e4sident Herr Daniel Schurig, Dresden<\/td>\n<\/tr>\n<tr>\n<td class=\"maintext\"><b>Handelsregister<\/b><br \/>\nKamer van Koophandel, Amsterdam, Niederlande<br \/>\nRegisternummer 40 59 53 81<\/td>\n<\/tr>\n<tr>\n<td class=\"maintext\"><b>Steuernummer<\/b><br \/>\n40 224 00089, Finanzamt Wiesbaden<\/td>\n<\/tr>\n<tr>\n<td class=\"maintext\"><b>Verantwortlich f\u00fcr den Inhalt<\/b><br \/>\nGeo Wulf M\u00fcller, Pr\u00e4sident<\/td>\n<\/tr>\n<tr>\n<td class=\"maintext\"><b>Gestaltung und Hosting<\/b><br \/>\nWolter und Schurig IT Consulting<br \/>\n<a href=\"mailto:info@mayart.de\">www.3gnetwork.de<\/a><\/td>\n<\/tr>\n<tr>\n<td class=\"maintext\"><b>Haftungshinweis<\/b><br \/>\nTrotz sorgf\u00e4ltiger inhaltlicher Kontrolle \u00fcbernehmen wir keine Haftung f\u00fcr die Inhalte externer Links. F\u00fcr den Inhalt der verlinkten\u00a0Seiten sind ausschlie\u00dflich deren Betreiber verantwortlich.<\/td>\n<\/tr>\n<\/tbody>\n<\/table>","protected":false},"excerpt":{"rendered":"<p>Herausgeber AEGRAFLEX Association Europ\u00e9enne des Graveurs et des Flexographes c\/o Geo M\u00fcller\u00a0\u2013 Stempel-M\u00fcller GmbH + Co. KG Jakobsplatz 11 &#8211; 15 90402 N\u00fcrnberg Telefon: (09 11) 2 05 62-0 Telefax: (09 11) 20 56 24-0 info@aegraflex.org Vertretungsberechtigte Pr\u00e4sident Geo Wulf M\u00fcller, N\u00fcrnberg, Vize-Pr\u00e4sident Andrzej Kruszena, Bytom (PL) 2. Vize-Pr\u00e4sident Herr Daniel Schurig, Dresden Handelsregister Kamer &#8230;<\/p>\n","protected":false},"author":1,"featured_media":0,"parent":0,"menu_order":0,"comment_status":"closed","ping_status":"open","template":"","meta":[],"_links":{"self":[{"href":"https:\/\/aegraflex.org\/en\/wp-json\/wp\/v2\/pages\/130"}],"collection":[{"href":"https:\/\/aegraflex.org\/en\/wp-json\/wp\/v2\/pages"}],"about":[{"href":"https:\/\/aegraflex.org\/en\/wp-json\/wp\/v2\/types\/page"}],"author":[{"embeddable":true,"href":"https:\/\/aegraflex.org\/en\/wp-json\/wp\/v2\/users\/1"}],"replies":[{"embeddable":true,"href":"https:\/\/aegraflex.org\/en\/wp-json\/wp\/v2\/comments?post=130"}],"version-history":[{"count":4,"href":"https:\/\/aegraflex.org\/en\/wp-json\/wp\/v2\/pages\/130\/revisions"}],"predecessor-version":[{"id":263,"href":"https:\/\/aegraflex.org\/en\/wp-json\/wp\/v2\/pages\/130\/revisions\/263"}],"wp:attachment":[{"href":"https:\/\/aegraflex.org\/en\/wp-json\/wp\/v2\/media?parent=130"}],"curies":[{"name":"wp","href":"https:\/\/api.w.org\/{rel}","templated":true}]}}