{"id":16,"date":"2015-01-24T12:28:16","date_gmt":"2015-01-24T12:28:16","guid":{"rendered":"http:\/\/aegra.danielschurig.de\/?page_id=16"},"modified":"2015-05-29T22:43:58","modified_gmt":"2015-05-29T22:43:58","slug":"mitglieder","status":"publish","type":"page","link":"https:\/\/aegraflex.org\/en\/mitglieder\/","title":{"rendered":"Mitglieder"},"content":{"rendered":"<p>Mitglieder sind zum einen die Graveur- und Flexografen-Verb\u00e4nde der L\u00e4nder: D\u00e4nemark, Deutschland, Frankreich, Norwegen, \u00d6sterreich und Schweden sowie Firmenmitglieder in ganz Europa. In jedem Mitgliedsstaat der Europ\u00e4ischen Union, k\u00f6nnen Graveur- und Flexografiebetriebe AEGRAFLEX- Mitglied werden, so auch in den neuen Beitrittsl\u00e4ndern. Betriebe in Staaten au\u00dferhalb Europas, k\u00f6nnen der AEGRAFLEX als Gastmitglieder beitreten.<\/p>\n","protected":false},"excerpt":{"rendered":"<p>Mitglieder sind zum einen die Graveur- und Flexografen-Verb\u00e4nde der L\u00e4nder: D\u00e4nemark, Deutschland, Frankreich, Norwegen, \u00d6sterreich und Schweden sowie Firmenmitglieder in ganz Europa. In jedem Mitgliedsstaat der Europ\u00e4ischen Union, k\u00f6nnen Graveur- und Flexografiebetriebe AEGRAFLEX- Mitglied werden, so auch in den neuen Beitrittsl\u00e4ndern. Betriebe in Staaten au\u00dferhalb Europas, k\u00f6nnen der AEGRAFLEX als Gastmitglieder beitreten.<\/p>\n","protected":false},"author":1,"featured_media":0,"parent":0,"menu_order":0,"comment_status":"closed","ping_status":"open","template":"","meta":[],"_links":{"self":[{"href":"https:\/\/aegraflex.org\/en\/wp-json\/wp\/v2\/pages\/16"}],"collection":[{"href":"https:\/\/aegraflex.org\/en\/wp-json\/wp\/v2\/pages"}],"about":[{"href":"https:\/\/aegraflex.org\/en\/wp-json\/wp\/v2\/types\/page"}],"author":[{"embeddable":true,"href":"https:\/\/aegraflex.org\/en\/wp-json\/wp\/v2\/users\/1"}],"replies":[{"embeddable":true,"href":"https:\/\/aegraflex.org\/en\/wp-json\/wp\/v2\/comments?post=16"}],"version-history":[{"count":2,"href":"https:\/\/aegraflex.org\/en\/wp-json\/wp\/v2\/pages\/16\/revisions"}],"predecessor-version":[{"id":126,"href":"https:\/\/aegraflex.org\/en\/wp-json\/wp\/v2\/pages\/16\/revisions\/126"}],"wp:attachment":[{"href":"https:\/\/aegraflex.org\/en\/wp-json\/wp\/v2\/media?parent=16"}],"curies":[{"name":"wp","href":"https:\/\/api.w.org\/{rel}","templated":true}]}}