{"id":18,"date":"2015-01-24T12:28:39","date_gmt":"2015-01-24T12:28:39","guid":{"rendered":"http:\/\/aegra.danielschurig.de\/?page_id=18"},"modified":"2015-05-29T22:43:31","modified_gmt":"2015-05-29T22:43:31","slug":"branche","status":"publish","type":"page","link":"https:\/\/aegraflex.org\/en\/branche\/","title":{"rendered":"Branche"},"content":{"rendered":"<p>Die Flexografen und Graveure stellen einen Wirtschaftszweig dar, der durch kleine, meist handwerkliche Betriebe charakterisiert ist. Um die Gr\u00f6\u00dfenordnung richtig einzusch\u00e4tzen, m\u00f6ge die Situation in Deutschland als Beispiel herangezogen werden. \u00dcber 80% der rund 350 Stempelbetriebe und rund 90% der etwa 500 Gravierbetriebe weisen weniger als 10 Besch\u00e4ftigte auf.<\/p>\n<p>Trotz zunehmender Spezialisierung einzelner Betriebe ist die Produktpalette in beiden Bereichen enorm breit: Rund 220 verschiedene Stempelprodukte definiert der Fachbereich Flexografie des Bundesverband Druck und Medien e.V. (bvdm) in seinem \u201eWarenkundeverzeichnis f\u00fcr Stempel, Stempelwaren, Stempelzubeh\u00f6r, Begriffserl\u00e4uterungen\u201c, Art.-Nr. 86111. Der Schwerpunkt der Flexografen liegt bei Gummi- und Fotopolymerstempeln sowie Selbstf\u00e4rbestempeln. Daneben werden auch Mikrozellstempel (vorgef\u00e4rbte Stempel), Stempelger\u00e4te und Stempelzubeh\u00f6r wie Stempelfarben, Stempelkissen oder Stempelhalter angeboten. Spezielle T\u00e4tigkeitsbereiche stellen auch die Herstellung von Flexodruckplatten sowie die Fertigung und Vermarktung von Schildern und Gravuren dar.<\/p>\n<p>Ahnlich umfangreich ist das Angebot der Gravierbetriebe. Hier liegt der Schwerpunkt des Produktprogramms \u2013 das bei einzelnen Anbietern bis zu 1400 Artikel umfasst \u2013 bei Pr\u00e4gestempeln und Schildergravuren. Allerdings bieten die gesamte Produktbreite nur etwa 10%, meist gro\u00dfe Betriebe an, w\u00e4hrend die restlichen Betriebe sich auf wenige Artikelgruppen wie Schlagzahlen, Schilder- oder Flachstichgravuren beschr\u00e4nken. Die genannten Bereiche k\u00f6nnen in zwei Hauptgruppen unterteilt werden, die von der Bearbeitungstechnologie definiert sind. So handelt es sich bei Schildern, Frontplatten und Stempelformen um Flachgravuren (2-D), w\u00e4hrend Pr\u00e4gewerkzeuge (Schneidwerkzeuge und Stahlstempel) in den 3-D-Bereich fallen. Unter 3-D versteht man das Gravieren von Konturen in drei Dimensionen.<\/p>\n","protected":false},"excerpt":{"rendered":"<p>Die Flexografen und Graveure stellen einen Wirtschaftszweig dar, der durch kleine, meist handwerkliche Betriebe charakterisiert ist. Um die Gr\u00f6\u00dfenordnung richtig einzusch\u00e4tzen, m\u00f6ge die Situation in Deutschland als Beispiel herangezogen werden. \u00dcber 80% der rund 350 Stempelbetriebe und rund 90% der etwa 500 Gravierbetriebe weisen weniger als 10 Besch\u00e4ftigte auf. Trotz zunehmender Spezialisierung einzelner Betriebe ist &#8230;<\/p>\n","protected":false},"author":1,"featured_media":0,"parent":0,"menu_order":0,"comment_status":"closed","ping_status":"open","template":"","meta":[],"_links":{"self":[{"href":"https:\/\/aegraflex.org\/en\/wp-json\/wp\/v2\/pages\/18"}],"collection":[{"href":"https:\/\/aegraflex.org\/en\/wp-json\/wp\/v2\/pages"}],"about":[{"href":"https:\/\/aegraflex.org\/en\/wp-json\/wp\/v2\/types\/page"}],"author":[{"embeddable":true,"href":"https:\/\/aegraflex.org\/en\/wp-json\/wp\/v2\/users\/1"}],"replies":[{"embeddable":true,"href":"https:\/\/aegraflex.org\/en\/wp-json\/wp\/v2\/comments?post=18"}],"version-history":[{"count":7,"href":"https:\/\/aegraflex.org\/en\/wp-json\/wp\/v2\/pages\/18\/revisions"}],"predecessor-version":[{"id":137,"href":"https:\/\/aegraflex.org\/en\/wp-json\/wp\/v2\/pages\/18\/revisions\/137"}],"wp:attachment":[{"href":"https:\/\/aegraflex.org\/en\/wp-json\/wp\/v2\/media?parent=18"}],"curies":[{"name":"wp","href":"https:\/\/api.w.org\/{rel}","templated":true}]}}