{"id":20,"date":"2015-01-24T12:29:12","date_gmt":"2015-01-24T12:29:12","guid":{"rendered":"http:\/\/aegra.danielschurig.de\/?page_id=20"},"modified":"2022-04-27T13:48:15","modified_gmt":"2022-04-27T13:48:15","slug":"news-termine","status":"publish","type":"page","link":"https:\/\/aegraflex.org\/en\/news-termine\/","title":{"rendered":"News &#038; Termine"},"content":{"rendered":"<hr \/>\n<p>N\u00fcrnberg, 30.05.2015<\/p>\n<p><strong>Pr\u00e4sidiumstreffen bei Geo M\u00fcller in N\u00fcrnberg<\/strong><\/p>\n<p>Am Samstag den 30.05 trifft sich das Pr\u00e4sidium der Aergraflex um 11 Uhr bei Pr\u00e4sident Geo M\u00fcller in N\u00fcrnberg. Auf der Tagungsordnung steht unter anderm die Nachlese des letzten Symposiums auf der PaperWorld 2015 in Frankfurt, die Vorbereitung des 50. j\u00e4hrigen Aegraflex Jubil\u00e4ums im kommenden Jahr und vieles mehr. Das Pr\u00e4sidium Dank Herrn Geo M\u00fcller f\u00fcr die Bereitstellung der R\u00e4umlichkeiten f\u00fcr das Treffen sowie die leckere Verk\u00f6stigung mit Brezeln.<\/p>\n<hr \/>","protected":false},"excerpt":{"rendered":"<p>N\u00fcrnberg, 30.05.2015 Pr\u00e4sidiumstreffen bei Geo M\u00fcller in N\u00fcrnberg Am Samstag den 30.05 trifft sich das Pr\u00e4sidium der Aergraflex um 11 Uhr bei Pr\u00e4sident Geo M\u00fcller in N\u00fcrnberg. Auf der Tagungsordnung steht unter anderm die Nachlese des letzten Symposiums auf der PaperWorld 2015 in Frankfurt, die Vorbereitung des 50. j\u00e4hrigen Aegraflex Jubil\u00e4ums im kommenden Jahr und &#8230;<\/p>\n","protected":false},"author":1,"featured_media":0,"parent":0,"menu_order":0,"comment_status":"open","ping_status":"open","template":"","meta":[],"_links":{"self":[{"href":"https:\/\/aegraflex.org\/en\/wp-json\/wp\/v2\/pages\/20"}],"collection":[{"href":"https:\/\/aegraflex.org\/en\/wp-json\/wp\/v2\/pages"}],"about":[{"href":"https:\/\/aegraflex.org\/en\/wp-json\/wp\/v2\/types\/page"}],"author":[{"embeddable":true,"href":"https:\/\/aegraflex.org\/en\/wp-json\/wp\/v2\/users\/1"}],"replies":[{"embeddable":true,"href":"https:\/\/aegraflex.org\/en\/wp-json\/wp\/v2\/comments?post=20"}],"version-history":[{"count":23,"href":"https:\/\/aegraflex.org\/en\/wp-json\/wp\/v2\/pages\/20\/revisions"}],"predecessor-version":[{"id":5130,"href":"https:\/\/aegraflex.org\/en\/wp-json\/wp\/v2\/pages\/20\/revisions\/5130"}],"wp:attachment":[{"href":"https:\/\/aegraflex.org\/en\/wp-json\/wp\/v2\/media?parent=20"}],"curies":[{"name":"wp","href":"https:\/\/api.w.org\/{rel}","templated":true}]}}